{"id":1344,"date":"2023-05-08T17:29:52","date_gmt":"2023-05-08T17:29:52","guid":{"rendered":"https:\/\/llimonasuites.com\/nueva_web\/aviso-legal\/"},"modified":"2023-08-07T17:27:38","modified_gmt":"2023-08-07T17:27:38","slug":"aviso-legal","status":"publish","type":"page","link":"https:\/\/llimonasuites.com\/fr\/aviso-legal\/","title":{"rendered":"Aviso legal"},"content":{"rendered":"\t\t<div data-elementor-type=\"wp-page\" data-elementor-id=\"1344\" class=\"elementor elementor-1344 elementor-293\">\n\t\t\t\t\t\t\t\t\t<section class=\"elementor-section elementor-top-section elementor-element elementor-element-ae4538a elementor-section-full_width elementor-section-height-default elementor-section-height-default\" data-id=\"ae4538a\" data-element_type=\"section\">\n\t\t\t\t\t\t<div class=\"elementor-container elementor-column-gap-no\">\n\t\t\t\t\t<div class=\"elementor-column elementor-col-100 elementor-top-column elementor-element elementor-element-81b88d7\" data-id=\"81b88d7\" data-element_type=\"column\" data-settings=\"{&quot;background_background&quot;:&quot;slideshow&quot;,&quot;background_slideshow_ken_burns&quot;:&quot;yes&quot;,&quot;background_slideshow_gallery&quot;:[],&quot;background_slideshow_loop&quot;:&quot;yes&quot;,&quot;background_slideshow_slide_duration&quot;:5000,&quot;background_slideshow_slide_transition&quot;:&quot;fade&quot;,&quot;background_slideshow_transition_duration&quot;:500,&quot;background_slideshow_ken_burns_zoom_direction&quot;:&quot;in&quot;}\">\n\t\t\t<div class=\"elementor-widget-wrap elementor-element-populated\">\n\t\t\t\t\t\t\t\t<section class=\"elementor-section elementor-inner-section elementor-element elementor-element-5e2a1ae elementor-section-boxed elementor-section-height-default elementor-section-height-default\" data-id=\"5e2a1ae\" data-element_type=\"section\" data-settings=\"{&quot;background_background&quot;:&quot;classic&quot;}\">\n\t\t\t\t\t\t\t<div class=\"elementor-background-overlay\"><\/div>\n\t\t\t\t\t\t\t<div class=\"elementor-container elementor-column-gap-no\">\n\t\t\t\t\t<div class=\"elementor-column elementor-col-100 elementor-inner-column elementor-element elementor-element-848894b\" data-id=\"848894b\" data-element_type=\"column\">\n\t\t\t<div class=\"elementor-widget-wrap elementor-element-populated\">\n\t\t\t\t\t\t\t\t<div class=\"elementor-element elementor-element-b1846cd elementor-widget elementor-widget-heading\" data-id=\"b1846cd\" data-element_type=\"widget\" data-widget_type=\"heading.default\">\n\t\t\t\t<div class=\"elementor-widget-container\">\n\t\t\t<style>\/*! elementor - v3.16.0 - 09-10-2023 *\/\n.elementor-heading-title{padding:0;margin:0;line-height:1}.elementor-widget-heading .elementor-heading-title[class*=elementor-size-]>a{color:inherit;font-size:inherit;line-height:inherit}.elementor-widget-heading .elementor-heading-title.elementor-size-small{font-size:15px}.elementor-widget-heading .elementor-heading-title.elementor-size-medium{font-size:19px}.elementor-widget-heading .elementor-heading-title.elementor-size-large{font-size:29px}.elementor-widget-heading .elementor-heading-title.elementor-size-xl{font-size:39px}.elementor-widget-heading .elementor-heading-title.elementor-size-xxl{font-size:59px}<\/style><h1 class=\"elementor-heading-title elementor-size-default\">Aviso legal<\/h1>\t\t<\/div>\n\t\t\t\t<\/div>\n\t\t\t\t\t<\/div>\n\t\t<\/div>\n\t\t\t\t\t\t\t<\/div>\n\t\t<\/section>\n\t\t\t\t\t<\/div>\n\t\t<\/div>\n\t\t\t\t\t\t\t<\/div>\n\t\t<\/section>\n\t\t\t\t<section class=\"elementor-section elementor-top-section elementor-element elementor-element-da2c3a4 elementor-section-boxed elementor-section-height-default elementor-section-height-default\" data-id=\"da2c3a4\" data-element_type=\"section\">\n\t\t\t\t\t\t<div class=\"elementor-container elementor-column-gap-no\">\n\t\t\t\t\t<div class=\"elementor-column elementor-col-100 elementor-top-column elementor-element elementor-element-d1676da\" data-id=\"d1676da\" data-element_type=\"column\">\n\t\t\t<div class=\"elementor-widget-wrap elementor-element-populated\">\n\t\t\t\t\t\t\t\t<div class=\"elementor-element elementor-element-f5fed3f elementor-widget elementor-widget-text-editor\" data-id=\"f5fed3f\" data-element_type=\"widget\" data-widget_type=\"text-editor.default\">\n\t\t\t\t<div class=\"elementor-widget-container\">\n\t\t\t<style>\/*! elementor - v3.16.0 - 09-10-2023 *\/\n.elementor-widget-text-editor.elementor-drop-cap-view-stacked .elementor-drop-cap{background-color:#69727d;color:#fff}.elementor-widget-text-editor.elementor-drop-cap-view-framed .elementor-drop-cap{color:#69727d;border:3px solid;background-color:transparent}.elementor-widget-text-editor:not(.elementor-drop-cap-view-default) .elementor-drop-cap{margin-top:8px}.elementor-widget-text-editor:not(.elementor-drop-cap-view-default) .elementor-drop-cap-letter{width:1em;height:1em}.elementor-widget-text-editor .elementor-drop-cap{float:left;text-align:center;line-height:1;font-size:50px}.elementor-widget-text-editor .elementor-drop-cap-letter{display:inline-block}<\/style>\t\t\t\t<div class=\"page\" title=\"Page 1\">\n<div class=\"layoutArea\">\n<div class=\"column\">\n<p>Con el fin de dar cumplimiento al arti\u0301culo 10 de la Ley 34\/2002 de Servicios de la Sociedad de la Informacio\u0301n y del Comercio Electro\u0301nico, informamos a los usuarios de nuestros datos:<\/p>\n<p>Denominacio\u0301n Social: TWELVE DESIGN CONSULTANT SL.<br \/>Domicilio Social: Carrer Sant Sebasti\u00e0, 29 17121 Cor\u00e7a (Girona) NIF: B54628425<br \/>Tele\u0301fono: +34 872 993 123<br \/>E-Mail: hola@llimonasuites.com<br \/>Sitio Web: https:\/\/llimonasuites.com<br \/>Datos Registrales: Registro Mercantil de Girona, Tomo 3207, Folio 133, Hoja GI64247<\/p>\n<p>1.- OBJETO<\/p>\n<p>TWELVE DESIGN CONSULTANT SL. (en adelante tambie\u0301n el prestador) co\u0301mo responsable del sitio web, pone a disposicio\u0301n de los usuarios el presente documento, que regula el uso del sitio web https:\/\/llimonasuites.com, con el que pretendemos dar cumplimiento a las obligaciones que dispone la Ley 34\/2002, de Servicios de la Sociedad de la Informacio\u0301n y del Comercio Electro\u0301nico (LSSICE o LSSI), asi\u0301 como informar a todos los usuarios del sitio web respecto de cua\u0301les son las condiciones de uso del sitio web.<\/p>\n<p>A trave\u0301s de la Web, TWELVE DESIGN CONSULTANT SL. facilita a los usuarios el acceso y utilizacio\u0301n de diferentes servicios y contenidos puestos a disposicio\u0301n a trave\u0301s del web.<\/p>\n<p>Toda persona que acceda a esta web asume el papel de usuario (en adelante el usuario), e implica la aceptacio\u0301n total y sin reservas de todas y cada una de las disposiciones incluidas en este aviso legal, asi\u0301 como a cualesquiera otras disposiciones legales que fueran de aplicacio\u0301n.<\/p>\n<p>Como usuarios, tienen que leer atentamente este Aviso Legal en cualquier de las ocasiones que entren a la web, pues e\u0301sta puede sufrir modificaciones ya que el prestador se reserva el derecho a modificar cualquier tipo de informacio\u0301n que pudiera aparecer en la web, sin que exista la obligacio\u0301n de pre-avisar o poner en conocimiento de los usuarios estas obligaciones, siendo suficientes la publicacio\u0301n en el sitio web del prestador.<\/p>\n<p>2. CONDICIONES DE ACCESO I USO DE LA WEB.<\/p>\n<p>2.1. Cara\u0301cter gratuito del acceso y uso de la web.<\/p>\n<p>La prestacio\u0301n de los servicios por parte de TWELVE DESIGN CONSULTANT SL. tiene cara\u0301cter gratuito para todos los Usuarios. No obstante, algunos de los servicios suministrados por el prestador a trave\u0301s de la Web esta\u0301n sujetas al pago de un precio determinado a las condicionas generales de contratacio\u0301n.<\/p>\n<\/div>\n<\/div>\n<\/div>\n<div class=\"page\" title=\"Page 2\">\n<div class=\"layoutArea\">\n<div class=\"column\">\n<p>2.2. Registro de Usuario.<\/p>\n<\/div>\n<\/div>\n<div class=\"layoutArea\">\n<div class=\"column\">\n<p>Con cara\u0301cter general la prestacio\u0301n de los Servicios no exige la previa suscripcio\u0301n o registro de los Usuarios. Aun asi\u0301, TWELVE DESIGN CONSULTANT SL. condiciona el uso de algunos de los servicios a la previa complementacio\u0301n del correspondiente registro de Usuario. Este registro se efectuara\u0301 en la forma expresamente indicada en la propia seccio\u0301n del servicio.<\/p>\n<p>2.3. Veracidad de la informacio\u0301n.<\/p>\n<p>Toda la informacio\u0301n que facilita el Usuario tiene que ser veraz. A estos efectos, el Usuario garantiza la autenticidad de los datos comunicados a trave\u0301s de los formularios para la suscripcio\u0301n de los Servicios. Sera\u0301 responsabilidad del Usuario mantener toda la informacio\u0301n facilitada a TWELVE DESIGN CONSULTANT SL. permanentemente actualizada de forma que responda, en cada momento, a su situacio\u0301n real. En todo caso, el Usuario sera\u0301 el u\u0301nico responsable de las manifestaciones falsas o inexactas que realice y de los perjuicios que cause al prestador o a terceros.<\/p>\n<p>2.4. Menores de edad.<\/p>\n<p>Para el uso de los servicios, los menores de edad tienen que obtener siempre previamente el consentimiento de los padres, tutores o representantes legales, responsables u\u0301ltimos de todos los actos realizados por los menores a su cargo. La responsabilidad en la determinacio\u0301n de contenidos concretos a los cuales acceden los menores corresponde a aquellos, es por eso que si acceden a contenidos no apropiados por Internet, se tendra\u0301n que establecer en sus ordenadores mecanismos, en particular programas informa\u0301ticos, filtros y bloqueos, que permitan limitar los contenidos disponibles y, a pesar de que no sean infalibles, son de especial utilidad para controlar y restringir los materiales a los que pueden acceder los menores.<\/p>\n<p>2.5. Obligacio\u0301n de hacer un uso correcto de la Web.<\/p>\n<p>El Usuario se compromete a utilizar la Web de conformidad a la Ley y al presente Aviso Legal, asi\u0301 como a la moral y a buenas costumbres. A tal efecto, el Usuario se abstendra\u0301 de utilizar la pa\u0301gina con finalidades ili\u0301citas o prohibidas, lesivas de derechos e intereses de terceros, o que de cualquier forma puedan dan\u0303ar, inutilizar, sobrecargar, deteriorar o impedir la normal utilizacio\u0301n de equipos informa\u0301ticos o documentos, archivos y toda clase de contenidos almacenados en cualquier equipo informa\u0301tico del prestador.<\/p>\n<p>En particular, y a ti\u0301tulo indicativo pero no exhaustivo, el Usuario se compromete a no transmitir, difundir o poner a disposicio\u0301n de terceros informaciones, datos, contenidos, mensajes, gra\u0301ficos, dibujos, archivos de sonido o imagen, fotografi\u0301as, grabaciones, software y, en general, cualquier clase de material que:<\/p>\n<p>(a) sea contraria, desprecie o atente contra los derechos fundamentales y las libertades pu\u0301blicas reconocidas constitucionalmente, en tratados internacionales y otras normas vigentes;<br \/>(b) induzca, incite o promueva actuaciones delictivas, denigrantes, difamatorias, violentas o, en general, contrarias a la ley, a la moral y al orden pu\u0301blico;<\/p>\n<p>(c) induzca, incite o promueva actuaciones, actitudes o pensamientos discriminatorios por razo\u0301n de sexo, raza, religio\u0301n, creencias, edad o condicio\u0301n;<br \/>(d) sea contrario al derecho al honor, a la intimidad personal o familiar o a la propia imagen de las personas; (e) de cualquier manera perjudique la credibilidad del prestador o de terceros; y<\/p>\n<p>(f) constituya publicidad ili\u0301cita, engan\u0303osa o desleal.<\/p>\n<p>3.- EXCLUSIO\u0301N DE GARANTI\u0301AS Y RESPONSABILIDAD<\/p>\n<p>El prestador se exime de cualquier tipo de responsabilidad derivada de la informacio\u0301n publicada en nuestro sitio web, siempre que esta informacio\u0301n haya sido manipulada o introducida por un tercero ajeno.<\/p>\n<\/div>\n<\/div>\n<\/div>\n<div class=\"page\" title=\"Page 3\">\n<div class=\"layoutArea\">\n<div class=\"column\">\n<p>Esta web ha sido revisada y probada para que funcione correctamente. En principio, se puede garantizar el correcto funcionamiento los 365 di\u0301as del an\u0303o, 24 horas al di\u0301a. Sin embargo, el prestador no descarta la posibilidad que existan determinados errores de programacio\u0301n, o que sucedan causas de fuerza mayor, cata\u0301strofes naturales, huelgas, o circunstancias parecidas que hagan imposible el acceso a la pa\u0301gina web.<\/p>\n<p>TWELVE DESIGN CONSULTANT SL. no otorga ninguna garanti\u0301a ni se hace responsable, en ningu\u0301n caso, de los dan\u0303os y perjuicios de cualquier naturaleza que puedan salir a colacio\u0301n de la falta de disponibilidad, mantenimiento y efectivo funcionamiento de la web o de sus servicios y contenidos; de la existencia de virus, programas maliciosos o lesivos en los contenidos; del uso ili\u0301cito, negligente, fraudulento o contrario a este Aviso Legal y condiciones de uso; o de La falta de licitud, calidad, fiabilidad, utilidad y disponibilidad de los servicios prestados por terceros y ademanes a disposicio\u0301n de los usuarios en el sitio web.<\/p>\n<p>El prestador no se hace responsable bajo ningu\u0301n concepto de los dan\u0303os que puedan dimanar del uso ilegal o indebido de la presente pa\u0301gina web.<\/p>\n<p>4.- COOKIES<\/p>\n<p>El sitio web del prestador puede utilizar cookies (pequen\u0303os archivos de informacio\u0301n que el servidor envi\u0301a al ordenador de quien accede en la pa\u0301gina) para llevar a cabo determinadas funciones que son consideradas imprescindibles para el correcto funcionamiento y visualizacio\u0301n del lugar. Las cookies utilizadas tienen, en todo caso, cara\u0301cter temporal, con la u\u0301nica finalidad de hacer ma\u0301s eficaz la navegacio\u0301n, y desaparecen al acabar la sesio\u0301n del usuario.<\/p>\n<p>En ningu\u0301n caso se utilizara\u0301n las cookies para recoger informacio\u0301n de cara\u0301cter personal. Para ma\u0301s informacio\u0301n, ver nuestra Poli\u0301tica de Cookies.<\/p>\n<p>5.- ENLACES (LINKS)<\/p>\n<p>Desde el sitio web es posible que se redirija a contenidos de terceras webs. Dado que desde el web no podemos controlar siempre los contenidos introducidos por los terceros, TWELVE DESIGN CONSULTANT SL. no asume ningu\u0301n tipo de responsabilidad respecto a estos contenidos. En todo caso, el prestador manifiesta que procedera\u0301 a la retirada inmediata de cualquier contenido que pudiera contravenir la legislacio\u0301n nacional o internacional, la moral o el orden pu\u0301blico, procediendo a la retirada inmediata de la re-direccio\u0301n a estas webs, poniendo en conocimiento de las autoridades competentes el contenido en cuestio\u0301n.<\/p>\n<p>El prestador no se responsabiliza de la informacio\u0301n y contenidos almacenados, a ti\u0301tulo enunciativo pero no limitante, en foros, chats, generadores de blogs, comentarios, redes sociales o cualquiera otro medio que permita a terceros publicar contenidos de forma independiente a la pa\u0301gina web del prestador. Sin embargo y en cumplimiento de lo que dispone el art. 11 y 16 de la LSSICE, el prestador se pone a disposicio\u0301n de todos los usuarios, autoridades y fuerzas de seguridad, y colaborando de forma activa en la retirada o, cuando sea necesario, el bloqueo de todos aquellos contenidos que puedan afectar o contravenir la legislacio\u0301n nacional, o internacional, derechos de terceros o la moral y el orden pu\u0301blico. En caso de que el usuario considere que puede existir algu\u0301n contenido que pudiera ser susceptible de esta clasificacio\u0301n, se ruega lo notifique de forma inmediata al administrador del sitio web.<\/p>\n<p>6.- PROTECCIO\u0301N DE DATOS PERSONALES<\/p>\n<p>El prestador esta\u0301 profundamente comprometido con el cumplimiento de la normativa de proteccio\u0301n de datos personales y garantiza el cumplimiento i\u0301ntegro de las obligaciones dispuestas, asi\u0301 como la implementacio\u0301n de las medidas de seguridad dispuestas al Reglamento Europeo de Proteccio\u0301n de datos y la normativa espan\u0303ola de proteccio\u0301n de datos. Para ma\u0301s informacio\u0301n, ver nuestra Poli\u0301tica de Privacidad.<\/p>\n<p>7. PROPIEDAD INTELECTUAL E INDUSTRIAL<\/p>\n<\/div>\n<\/div>\n<\/div>\n<div class=\"page\" title=\"Page 4\">\n<div class=\"layoutArea\">\n<div class=\"column\">\n<p>El sitio web, incluyendo a ti\u0301tulo enunciativo pero no limitativo la programacio\u0301n, edicio\u0301n, compilacio\u0301n y otros elementos necesarios para su funcionamiento, los disen\u0303os, logotipos, textos, fotografi\u0301as y\/o gra\u0301ficos son propiedad del prestador o, en caso de que fuera necesario, dispone de la licencia o autorizacio\u0301n expresa por parte de los autores. Todos los contenidos del sitio web se encuentran debidamente protegidos por la normativa de propiedad intelectual e industrial.<\/p>\n<p>Independientemente de la finalidad por la que fueran destinados, la reproduccio\u0301n total o parcial, uso, distribucio\u0301n y comunicacio\u0301n pu\u0301blica requieren de la autorizacio\u0301n escrita previa por parte del prestador. Cualquier uso no autorizado previamente por parte del prestador sera\u0301 considerado un incumplimiento grave de los derechos de propiedad intelectual o industrial del autor.<\/p>\n<p>Los disen\u0303os, logotipos, textos y\/o gra\u0301ficos ajenos al prestador y que puedan aparecer en el sitio web, pertenecen a sus respectivos propietarios, siendo ellos mismos los responsables de cualquier posible controversia que pudiera acontecer respecto a los mismos. En todo caso, el prestador cuenta con la autorizacio\u0301n expresa y previa por parte de los mismos.<\/p>\n<p>El prestador reconoce a favor de sus titulares los correspondientes derechos de propiedad industrial e intelectual, no implicando la mencio\u0301n o aparicio\u0301n en el sitio web, de la existencia de derechos o ninguna responsabilidad del prestador sobre los mismos, como tampoco respaldo, patrocinio o recomendacio\u0301n por parte del mismo.<\/p>\n<p>Para realizar cualquier tipo de observacio\u0301n respecto a posibles incumplimientos de los derechos de propiedad intelectual o industrial, asi\u0301 como sobre cualquiera de los contenidos del sitio web, puede hacerlo a trave\u0301s del correo electro\u0301nico arriba resen\u0303ado.<\/p>\n<p>8.- LEY APLICABLE Y JURISDICCIO\u0301N<\/p>\n<p>Para la resolucio\u0301n de las controversias o cuestiones relacionadas con la presente pa\u0301gina web o de las actividades en esta desarrolladas, sera\u0301 de aplicacio\u0301n la legislacio\u0301n espan\u0303ola, a la que se someten expresamente las partes, siendo competentes por la resolucio\u0301n de todos los conflictos derivados o relacionados con su uso los Juzgados y Tribunales de Girona.<\/p>\n<\/div>\n<\/div>\n<\/div>\n\t\t\t\t\t\t<\/div>\n\t\t\t\t<\/div>\n\t\t\t\t\t<\/div>\n\t\t<\/div>\n\t\t\t\t\t\t\t<\/div>\n\t\t<\/section>\n\t\t\t\t\t\t\t<\/div>\n\t\t","protected":false},"excerpt":{"rendered":"<p>Aviso legal Con el fin de dar cumplimiento al arti\u0301culo 10 de la Ley 34\/2002 de Servicios de la Sociedad de la Informacio\u0301n y del Comercio Electro\u0301nico, informamos a los usuarios de nuestros datos: Denominacio\u0301n Social: TWELVE DESIGN CONSULTANT SL.Domicilio Social: Carrer Sant Sebasti\u00e0, 29 17121 Cor\u00e7a (Girona) NIF: B54628425Tele\u0301fono: +34 872 993 123E-Mail: hola@llimonasuites.comSitio [&hellip;]<\/p>\n","protected":false},"author":1,"featured_media":0,"parent":0,"menu_order":0,"comment_status":"closed","ping_status":"closed","template":"elementor_header_footer","meta":{"footnotes":""},"class_list":["post-1344","page","type-page","status-publish","hentry"],"yoast_head":"<!-- This site is optimized with the Yoast SEO plugin v21.3 - https:\/\/yoast.com\/wordpress\/plugins\/seo\/ -->\n<title>Aviso legal - Llimona Suites (adults only) - Alojamiento en Cor\u00e7a, Baix Empord\u00e0<\/title>\n<meta name=\"robots\" content=\"index, follow, max-snippet:-1, max-image-preview:large, max-video-preview:-1\" \/>\n<link rel=\"canonical\" href=\"https:\/\/llimonasuites.com\/fr\/aviso-legal\/\" \/>\n<meta property=\"og:locale\" content=\"fr_FR\" \/>\n<meta property=\"og:type\" content=\"article\" \/>\n<meta property=\"og:title\" content=\"Aviso legal - Llimona Suites (adults only) - Alojamiento en Cor\u00e7a, Baix Empord\u00e0\" \/>\n<meta property=\"og:description\" content=\"Aviso legal Con el fin de dar cumplimiento al arti\u0301culo 10 de la Ley 34\/2002 de Servicios de la Sociedad de la Informacio\u0301n y del Comercio Electro\u0301nico, informamos a los usuarios de nuestros datos: Denominacio\u0301n Social: TWELVE DESIGN CONSULTANT SL.Domicilio Social: Carrer Sant Sebasti\u00e0, 29 17121 Cor\u00e7a (Girona) NIF: B54628425Tele\u0301fono: +34 872 993 123E-Mail: hola@llimonasuites.comSitio [&hellip;]\" \/>\n<meta property=\"og:url\" content=\"https:\/\/llimonasuites.com\/fr\/aviso-legal\/\" \/>\n<meta property=\"og:site_name\" content=\"Llimona Suites (adults only) - Alojamiento en Cor\u00e7a, Baix Empord\u00e0\" \/>\n<meta property=\"article:modified_time\" content=\"2023-08-07T17:27:38+00:00\" \/>\n<meta name=\"twitter:card\" content=\"summary_large_image\" \/>\n<meta name=\"twitter:label1\" content=\"Dur\u00e9e de lecture estim\u00e9e\" \/>\n\t<meta name=\"twitter:data1\" content=\"10 minutes\" \/>\n<script type=\"application\/ld+json\" class=\"yoast-schema-graph\">{\"@context\":\"https:\/\/schema.org\",\"@graph\":[{\"@type\":\"WebPage\",\"@id\":\"https:\/\/llimonasuites.com\/fr\/aviso-legal\/\",\"url\":\"https:\/\/llimonasuites.com\/fr\/aviso-legal\/\",\"name\":\"Aviso legal - Llimona Suites (adults only) - Alojamiento en Cor\u00e7a, Baix Empord\u00e0\",\"isPartOf\":{\"@id\":\"https:\/\/llimonasuites.com\/fr\/#website\"},\"datePublished\":\"2023-05-08T17:29:52+00:00\",\"dateModified\":\"2023-08-07T17:27:38+00:00\",\"breadcrumb\":{\"@id\":\"https:\/\/llimonasuites.com\/fr\/aviso-legal\/#breadcrumb\"},\"inLanguage\":\"fr-FR\",\"potentialAction\":[{\"@type\":\"ReadAction\",\"target\":[\"https:\/\/llimonasuites.com\/fr\/aviso-legal\/\"]}]},{\"@type\":\"BreadcrumbList\",\"@id\":\"https:\/\/llimonasuites.com\/fr\/aviso-legal\/#breadcrumb\",\"itemListElement\":[{\"@type\":\"ListItem\",\"position\":1,\"name\":\"Portada\",\"item\":\"https:\/\/llimonasuites.com\/fr\/inicio\/\"},{\"@type\":\"ListItem\",\"position\":2,\"name\":\"Aviso legal\"}]},{\"@type\":\"WebSite\",\"@id\":\"https:\/\/llimonasuites.com\/fr\/#website\",\"url\":\"https:\/\/llimonasuites.com\/fr\/\",\"name\":\"Llimona Suites (adults only) - Alojamiento en Cor\u00e7a, Baix Empord\u00e0\",\"description\":\"\",\"potentialAction\":[{\"@type\":\"SearchAction\",\"target\":{\"@type\":\"EntryPoint\",\"urlTemplate\":\"https:\/\/llimonasuites.com\/fr\/?s={search_term_string}\"},\"query-input\":\"required name=search_term_string\"}],\"inLanguage\":\"fr-FR\"}]}<\/script>\n<!-- \/ Yoast SEO plugin. -->","yoast_head_json":{"title":"Aviso legal - Llimona Suites (adults only) - Alojamiento en Cor\u00e7a, Baix Empord\u00e0","robots":{"index":"index","follow":"follow","max-snippet":"max-snippet:-1","max-image-preview":"max-image-preview:large","max-video-preview":"max-video-preview:-1"},"canonical":"https:\/\/llimonasuites.com\/fr\/aviso-legal\/","og_locale":"fr_FR","og_type":"article","og_title":"Aviso legal - Llimona Suites (adults only) - Alojamiento en Cor\u00e7a, Baix Empord\u00e0","og_description":"Aviso legal Con el fin de dar cumplimiento al arti\u0301culo 10 de la Ley 34\/2002 de Servicios de la Sociedad de la Informacio\u0301n y del Comercio Electro\u0301nico, informamos a los usuarios de nuestros datos: Denominacio\u0301n Social: TWELVE DESIGN CONSULTANT SL.Domicilio Social: Carrer Sant Sebasti\u00e0, 29 17121 Cor\u00e7a (Girona) NIF: B54628425Tele\u0301fono: +34 872 993 123E-Mail: hola@llimonasuites.comSitio [&hellip;]","og_url":"https:\/\/llimonasuites.com\/fr\/aviso-legal\/","og_site_name":"Llimona Suites (adults only) - Alojamiento en Cor\u00e7a, Baix Empord\u00e0","article_modified_time":"2023-08-07T17:27:38+00:00","twitter_card":"summary_large_image","twitter_misc":{"Dur\u00e9e de lecture estim\u00e9e":"10 minutes"},"schema":{"@context":"https:\/\/schema.org","@graph":[{"@type":"WebPage","@id":"https:\/\/llimonasuites.com\/fr\/aviso-legal\/","url":"https:\/\/llimonasuites.com\/fr\/aviso-legal\/","name":"Aviso legal - Llimona Suites (adults only) - Alojamiento en Cor\u00e7a, Baix Empord\u00e0","isPartOf":{"@id":"https:\/\/llimonasuites.com\/fr\/#website"},"datePublished":"2023-05-08T17:29:52+00:00","dateModified":"2023-08-07T17:27:38+00:00","breadcrumb":{"@id":"https:\/\/llimonasuites.com\/fr\/aviso-legal\/#breadcrumb"},"inLanguage":"fr-FR","potentialAction":[{"@type":"ReadAction","target":["https:\/\/llimonasuites.com\/fr\/aviso-legal\/"]}]},{"@type":"BreadcrumbList","@id":"https:\/\/llimonasuites.com\/fr\/aviso-legal\/#breadcrumb","itemListElement":[{"@type":"ListItem","position":1,"name":"Portada","item":"https:\/\/llimonasuites.com\/fr\/inicio\/"},{"@type":"ListItem","position":2,"name":"Aviso legal"}]},{"@type":"WebSite","@id":"https:\/\/llimonasuites.com\/fr\/#website","url":"https:\/\/llimonasuites.com\/fr\/","name":"Llimona Suites (adults only) - Alojamiento en Cor\u00e7a, Baix Empord\u00e0","description":"","potentialAction":[{"@type":"SearchAction","target":{"@type":"EntryPoint","urlTemplate":"https:\/\/llimonasuites.com\/fr\/?s={search_term_string}"},"query-input":"required name=search_term_string"}],"inLanguage":"fr-FR"}]}},"_links":{"self":[{"href":"https:\/\/llimonasuites.com\/fr\/wp-json\/wp\/v2\/pages\/1344","targetHints":{"allow":["GET"]}}],"collection":[{"href":"https:\/\/llimonasuites.com\/fr\/wp-json\/wp\/v2\/pages"}],"about":[{"href":"https:\/\/llimonasuites.com\/fr\/wp-json\/wp\/v2\/types\/page"}],"author":[{"embeddable":true,"href":"https:\/\/llimonasuites.com\/fr\/wp-json\/wp\/v2\/users\/1"}],"replies":[{"embeddable":true,"href":"https:\/\/llimonasuites.com\/fr\/wp-json\/wp\/v2\/comments?post=1344"}],"version-history":[{"count":1,"href":"https:\/\/llimonasuites.com\/fr\/wp-json\/wp\/v2\/pages\/1344\/revisions"}],"predecessor-version":[{"id":1345,"href":"https:\/\/llimonasuites.com\/fr\/wp-json\/wp\/v2\/pages\/1344\/revisions\/1345"}],"wp:attachment":[{"href":"https:\/\/llimonasuites.com\/fr\/wp-json\/wp\/v2\/media?parent=1344"}],"curies":[{"name":"wp","href":"https:\/\/api.w.org\/{rel}","templated":true}]}}